{"id":325,"date":"2023-11-04T22:29:14","date_gmt":"2023-11-04T21:29:14","guid":{"rendered":"http:\/\/70.34.195.43\/?page_id=325"},"modified":"2023-11-25T13:27:42","modified_gmt":"2023-11-25T12:27:42","slug":"sprak-og-talevansker","status":"publish","type":"page","link":"https:\/\/bologopedi.no\/index.php\/services\/sprak-og-talevansker\/","title":{"rendered":"Spr\u00e5k og talevansker"},"content":{"rendered":"<section class=\"bde-section-325-101 bde-section\">\n  \n  \n\t\n\n\n\n<div class=\"section-container\"><h1 class=\"bde-heading-325-105 bde-heading\">\nSpr\u00e5kvansker\n<\/h1><div class=\"bde-rich-text-325-106 bde-rich-text breakdance-rich-text-styles\">\n<p>Spr\u00e5kvansker inneb\u00e6rer vansker med \u00e5 forst\u00e5 spr\u00e5k, snakke og\/eller bli forst\u00e5tt. I likhet med andre typer vansker er spr\u00e5kvansker individuelt og uttrykkes forskjellig fra person til person. Det er vanlig \u00e5 skille mellom ekspressive vansker (vansker med \u00e5 uttrykke seg), impressive vansker (vansker med \u00e5 forst\u00e5 spr\u00e5k) og en kombinasjon av disse.<\/p>\n<\/div><h1 class=\"bde-heading-325-102 bde-heading\">\nTalevansker\n<\/h1><div class=\"bde-rich-text-325-103 bde-rich-text breakdance-rich-text-styles\">\n<p>Det er vanlig \u00e5 skille mellom artikulatoriske, fonologiske og motoriske talevansker. Artikulatoriske vansker kjennetegnes ved at personen har utfordringer med \u00e5 uttale visse lyder, men at spr\u00e5klydsystemet ellers mestres. Fonologiske vansker inneb\u00e6rer at personen har utfordringer med \u00e5 prosessere lyder og bruke spr\u00e5klydssystemet som en helhet. Motoriske talevansker inneb\u00e6rer at personen har anatomiske avvik som gj\u00f8r det vanskelig \u00e5 uttale spr\u00e5klyder.<\/p>\n<\/div><div class=\"bde-rich-text-325-107 bde-rich-text breakdance-rich-text-styles\">\n<p>En kan ha spr\u00e5k og talevansker grunnet utviklingsmessige spr\u00e5kvansker (DLD), utviklingsforstyrrelser som eksempelvis autismespekterforstyrrelse, sjeldne syndromer eller nevrodegenerative sykdommer som eksempelvis demens eller Huntingtons.<\/p>\n<\/div><div class=\"bde-button-325-104 bde-button\">\n    \n                        \n                        \n    \n    \n    \n    \n            \n                    \n            \n            \n\n    \n    \n    \n    \n    \n    <a class=\"breakdance-link button-atom button-atom--text bde-button__button\" href=\"https:\/\/bologopedi.no\/index.php\/services\/\" target=\"_self\" data-type=\"url\"  >\n\n    \n        <span class=\"button-atom__text\">Fagomr\u00e5der<\/span>\n\n        \n                    \n    <span class=\"button-atom__icon-wrapper\">\n\n        \n            <svg class=\"un-arrow-icon\" xmlns=\"http:\/\/www.w3.org\/2000\/svg\" width=\"32\" height=\"32\" viewBox=\"0 0 32 32\">\n                <g fill=\"none\" stroke-width=\"1.9\" stroke-linejoin=\"round\" stroke-miterlimit=\"10\">\n                    <circle class=\"un-arrow-icon_circle\" cx=\"16\" cy=\"16\" r=\"15.12\"><\/circle>\n                    <path class=\"un-arrow-icon_arrow\" d=\"M16.14 9.93L22.21 16l-6.07 6.07M8.23 16h13.98\"><\/path>\n                <\/g>\n            <\/svg>\n\n        \n    <\/span>\n\n\n        \n                <\/a>\n\n    \n\n\n<\/div><\/div>\n<\/section>","protected":false},"excerpt":{"rendered":"<p>Spr\u00e5kvansker Spr\u00e5kvansker inneb\u00e6rer vansker med \u00e5 forst\u00e5 spr\u00e5k, snakke og\/eller bli forst\u00e5tt. I likhet med andre typer vansker er spr\u00e5kvansker individuelt og uttrykkes forskjellig fra person til person. Det er vanlig \u00e5 skille mellom ekspressive vansker (vansker med \u00e5 uttrykke seg), impressive vansker (vansker med \u00e5 forst\u00e5 spr\u00e5k) og en kombinasjon av disse. Talevansker Det [&hellip;]<\/p>\n","protected":false},"author":1,"featured_media":0,"parent":24,"menu_order":0,"comment_status":"closed","ping_status":"closed","template":"","meta":{"_breakdance_hide_in_design_set":false,"_breakdance_tags":"","footnotes":""},"class_list":["post-325","page","type-page","status-publish","hentry"],"yoast_head":"<!-- This site is optimized with the Yoast SEO plugin v27.3 - https:\/\/yoast.com\/product\/yoast-seo-wordpress\/ -->\n<title>Spr\u00e5k og talevansker - bologopedi.no<\/title>\n<meta name=\"robots\" content=\"index, follow, max-snippet:-1, max-image-preview:large, max-video-preview:-1\" \/>\n<link rel=\"canonical\" href=\"https:\/\/bologopedi.no\/index.php\/services\/sprak-og-talevansker\/\" \/>\n<meta property=\"og:locale\" content=\"nb_NO\" \/>\n<meta property=\"og:type\" content=\"article\" \/>\n<meta property=\"og:title\" content=\"Spr\u00e5k og talevansker - bologopedi.no\" \/>\n<meta property=\"og:description\" content=\"Spr\u00e5kvansker Spr\u00e5kvansker inneb\u00e6rer vansker med \u00e5 forst\u00e5 spr\u00e5k, snakke og\/eller bli forst\u00e5tt. I likhet med andre typer vansker er spr\u00e5kvansker individuelt og uttrykkes forskjellig fra person til person. Det er vanlig \u00e5 skille mellom ekspressive vansker (vansker med \u00e5 uttrykke seg), impressive vansker (vansker med \u00e5 forst\u00e5 spr\u00e5k) og en kombinasjon av disse. Talevansker Det [&hellip;]\" \/>\n<meta property=\"og:url\" content=\"https:\/\/bologopedi.no\/index.php\/services\/sprak-og-talevansker\/\" \/>\n<meta property=\"og:site_name\" content=\"bologopedi.no\" \/>\n<meta property=\"article:modified_time\" content=\"2023-11-25T12:27:42+00:00\" \/>\n<meta name=\"twitter:card\" content=\"summary_large_image\" \/>\n<script type=\"application\/ld+json\" class=\"yoast-schema-graph\">{\"@context\":\"https:\\\/\\\/schema.org\",\"@graph\":[{\"@type\":\"WebPage\",\"@id\":\"https:\\\/\\\/bologopedi.no\\\/index.php\\\/services\\\/sprak-og-talevansker\\\/\",\"url\":\"https:\\\/\\\/bologopedi.no\\\/index.php\\\/services\\\/sprak-og-talevansker\\\/\",\"name\":\"Spr\u00e5k og talevansker - bologopedi.no\",\"isPartOf\":{\"@id\":\"https:\\\/\\\/bologopedi.no\\\/#website\"},\"datePublished\":\"2023-11-04T21:29:14+00:00\",\"dateModified\":\"2023-11-25T12:27:42+00:00\",\"breadcrumb\":{\"@id\":\"https:\\\/\\\/bologopedi.no\\\/index.php\\\/services\\\/sprak-og-talevansker\\\/#breadcrumb\"},\"inLanguage\":\"nb-NO\",\"potentialAction\":[{\"@type\":\"ReadAction\",\"target\":[\"https:\\\/\\\/bologopedi.no\\\/index.php\\\/services\\\/sprak-og-talevansker\\\/\"]}]},{\"@type\":\"BreadcrumbList\",\"@id\":\"https:\\\/\\\/bologopedi.no\\\/index.php\\\/services\\\/sprak-og-talevansker\\\/#breadcrumb\",\"itemListElement\":[{\"@type\":\"ListItem\",\"position\":1,\"name\":\"Home\",\"item\":\"https:\\\/\\\/bologopedi.no\\\/\"},{\"@type\":\"ListItem\",\"position\":2,\"name\":\"Services\",\"item\":\"https:\\\/\\\/bologopedi.no\\\/index.php\\\/services\\\/\"},{\"@type\":\"ListItem\",\"position\":3,\"name\":\"Spr\u00e5k og talevansker\"}]},{\"@type\":\"WebSite\",\"@id\":\"https:\\\/\\\/bologopedi.no\\\/#website\",\"url\":\"https:\\\/\\\/bologopedi.no\\\/\",\"name\":\"B\u00e6rum Oslo Logopedi\",\"description\":\"Logopedisk oppf\u00f8lgning: utredning og behandling for barn og voksne med spr\u00e5k, orofaciale, tale og kommunikasjonsvansker\",\"publisher\":{\"@id\":\"https:\\\/\\\/bologopedi.no\\\/#organization\"},\"potentialAction\":[{\"@type\":\"SearchAction\",\"target\":{\"@type\":\"EntryPoint\",\"urlTemplate\":\"https:\\\/\\\/bologopedi.no\\\/?s={search_term_string}\"},\"query-input\":{\"@type\":\"PropertyValueSpecification\",\"valueRequired\":true,\"valueName\":\"search_term_string\"}}],\"inLanguage\":\"nb-NO\"},{\"@type\":\"Organization\",\"@id\":\"https:\\\/\\\/bologopedi.no\\\/#organization\",\"name\":\"B\u00e6rum Oslo Logopedi\",\"url\":\"https:\\\/\\\/bologopedi.no\\\/\",\"logo\":{\"@type\":\"ImageObject\",\"inLanguage\":\"nb-NO\",\"@id\":\"https:\\\/\\\/bologopedi.no\\\/#\\\/schema\\\/logo\\\/image\\\/\",\"url\":\"http:\\\/\\\/70.34.195.43\\\/wp-content\\\/uploads\\\/2023\\\/11\\\/cropped-Bologopedi-logo-icon-e1700755539116.png\",\"contentUrl\":\"http:\\\/\\\/70.34.195.43\\\/wp-content\\\/uploads\\\/2023\\\/11\\\/cropped-Bologopedi-logo-icon-e1700755539116.png\",\"width\":512,\"height\":512,\"caption\":\"B\u00e6rum Oslo Logopedi\"},\"image\":{\"@id\":\"https:\\\/\\\/bologopedi.no\\\/#\\\/schema\\\/logo\\\/image\\\/\"}}]}<\/script>\n<!-- \/ Yoast SEO plugin. -->","yoast_head_json":{"title":"Spr\u00e5k og talevansker - bologopedi.no","robots":{"index":"index","follow":"follow","max-snippet":"max-snippet:-1","max-image-preview":"max-image-preview:large","max-video-preview":"max-video-preview:-1"},"canonical":"https:\/\/bologopedi.no\/index.php\/services\/sprak-og-talevansker\/","og_locale":"nb_NO","og_type":"article","og_title":"Spr\u00e5k og talevansker - bologopedi.no","og_description":"Spr\u00e5kvansker Spr\u00e5kvansker inneb\u00e6rer vansker med \u00e5 forst\u00e5 spr\u00e5k, snakke og\/eller bli forst\u00e5tt. I likhet med andre typer vansker er spr\u00e5kvansker individuelt og uttrykkes forskjellig fra person til person. Det er vanlig \u00e5 skille mellom ekspressive vansker (vansker med \u00e5 uttrykke seg), impressive vansker (vansker med \u00e5 forst\u00e5 spr\u00e5k) og en kombinasjon av disse. Talevansker Det [&hellip;]","og_url":"https:\/\/bologopedi.no\/index.php\/services\/sprak-og-talevansker\/","og_site_name":"bologopedi.no","article_modified_time":"2023-11-25T12:27:42+00:00","twitter_card":"summary_large_image","schema":{"@context":"https:\/\/schema.org","@graph":[{"@type":"WebPage","@id":"https:\/\/bologopedi.no\/index.php\/services\/sprak-og-talevansker\/","url":"https:\/\/bologopedi.no\/index.php\/services\/sprak-og-talevansker\/","name":"Spr\u00e5k og talevansker - bologopedi.no","isPartOf":{"@id":"https:\/\/bologopedi.no\/#website"},"datePublished":"2023-11-04T21:29:14+00:00","dateModified":"2023-11-25T12:27:42+00:00","breadcrumb":{"@id":"https:\/\/bologopedi.no\/index.php\/services\/sprak-og-talevansker\/#breadcrumb"},"inLanguage":"nb-NO","potentialAction":[{"@type":"ReadAction","target":["https:\/\/bologopedi.no\/index.php\/services\/sprak-og-talevansker\/"]}]},{"@type":"BreadcrumbList","@id":"https:\/\/bologopedi.no\/index.php\/services\/sprak-og-talevansker\/#breadcrumb","itemListElement":[{"@type":"ListItem","position":1,"name":"Home","item":"https:\/\/bologopedi.no\/"},{"@type":"ListItem","position":2,"name":"Services","item":"https:\/\/bologopedi.no\/index.php\/services\/"},{"@type":"ListItem","position":3,"name":"Spr\u00e5k og talevansker"}]},{"@type":"WebSite","@id":"https:\/\/bologopedi.no\/#website","url":"https:\/\/bologopedi.no\/","name":"B\u00e6rum Oslo Logopedi","description":"Logopedisk oppf\u00f8lgning: utredning og behandling for barn og voksne med spr\u00e5k, orofaciale, tale og kommunikasjonsvansker","publisher":{"@id":"https:\/\/bologopedi.no\/#organization"},"potentialAction":[{"@type":"SearchAction","target":{"@type":"EntryPoint","urlTemplate":"https:\/\/bologopedi.no\/?s={search_term_string}"},"query-input":{"@type":"PropertyValueSpecification","valueRequired":true,"valueName":"search_term_string"}}],"inLanguage":"nb-NO"},{"@type":"Organization","@id":"https:\/\/bologopedi.no\/#organization","name":"B\u00e6rum Oslo Logopedi","url":"https:\/\/bologopedi.no\/","logo":{"@type":"ImageObject","inLanguage":"nb-NO","@id":"https:\/\/bologopedi.no\/#\/schema\/logo\/image\/","url":"http:\/\/70.34.195.43\/wp-content\/uploads\/2023\/11\/cropped-Bologopedi-logo-icon-e1700755539116.png","contentUrl":"http:\/\/70.34.195.43\/wp-content\/uploads\/2023\/11\/cropped-Bologopedi-logo-icon-e1700755539116.png","width":512,"height":512,"caption":"B\u00e6rum Oslo Logopedi"},"image":{"@id":"https:\/\/bologopedi.no\/#\/schema\/logo\/image\/"}}]}},"_links":{"self":[{"href":"https:\/\/bologopedi.no\/index.php\/wp-json\/wp\/v2\/pages\/325","targetHints":{"allow":["GET"]}}],"collection":[{"href":"https:\/\/bologopedi.no\/index.php\/wp-json\/wp\/v2\/pages"}],"about":[{"href":"https:\/\/bologopedi.no\/index.php\/wp-json\/wp\/v2\/types\/page"}],"author":[{"embeddable":true,"href":"https:\/\/bologopedi.no\/index.php\/wp-json\/wp\/v2\/users\/1"}],"replies":[{"embeddable":true,"href":"https:\/\/bologopedi.no\/index.php\/wp-json\/wp\/v2\/comments?post=325"}],"version-history":[{"count":0,"href":"https:\/\/bologopedi.no\/index.php\/wp-json\/wp\/v2\/pages\/325\/revisions"}],"up":[{"embeddable":true,"href":"https:\/\/bologopedi.no\/index.php\/wp-json\/wp\/v2\/pages\/24"}],"wp:attachment":[{"href":"https:\/\/bologopedi.no\/index.php\/wp-json\/wp\/v2\/media?parent=325"}],"curies":[{"name":"wp","href":"https:\/\/api.w.org\/{rel}","templated":true}]}}